{"id":2,"date":"2023-09-19T00:17:22","date_gmt":"2023-09-18T22:17:22","guid":{"rendered":"https:\/\/fibamagueza.com\/?page_id=2"},"modified":"2024-06-26T10:01:28","modified_gmt":"2024-06-26T08:01:28","slug":"pagina-ejemplo","status":"publish","type":"page","link":"https:\/\/fibamagueza.com\/","title":{"rendered":"Inicio"},"content":{"rendered":"\t\t<div data-elementor-type=\"wp-page\" data-elementor-id=\"2\" class=\"elementor elementor-2\" data-elementor-post-type=\"page\">\n\t\t\t\t<div class=\"elementor-element elementor-element-76c399c e-con-full e-flex e-con e-parent\" data-id=\"76c399c\" data-element_type=\"container\" data-e-type=\"container\" data-settings=\"{&quot;background_background&quot;:&quot;classic&quot;}\">\n\t\t\t\t<\/div>\n\t\t\t\t<\/div>\n\t\t","protected":false},"excerpt":{"rendered":"<p>Algo genial Dale un respiro a tu alma HACIENDA CAMPESTRE FIBA MAGUEZA Reservar 22\u00b0 Vereda Romeral, Guarne Antioquia\u200b 25 Min Aeropuerto Jos\u00e9 Maria C\u00f3rdoba 35 Min Medell\u00edn\u200b Instagram Instagram Whatsapp Apartamentos pensados para ti bnb En nuestros apartamentos campestres, vivir\u00e1s una experiencia de tranquilidad y conexi\u00f3n con la naturaleza; cada apartamento est\u00e1 cuidadosamente equipado con [&hellip;]<\/p>\n","protected":false},"author":1,"featured_media":0,"parent":0,"menu_order":0,"comment_status":"closed","ping_status":"open","template":"elementor_canvas","meta":{"footnotes":""},"class_list":["post-2","page","type-page","status-publish","hentry"],"_links":{"self":[{"href":"https:\/\/fibamagueza.com\/index.php\/wp-json\/wp\/v2\/pages\/2","targetHints":{"allow":["GET"]}}],"collection":[{"href":"https:\/\/fibamagueza.com\/index.php\/wp-json\/wp\/v2\/pages"}],"about":[{"href":"https:\/\/fibamagueza.com\/index.php\/wp-json\/wp\/v2\/types\/page"}],"author":[{"embeddable":true,"href":"https:\/\/fibamagueza.com\/index.php\/wp-json\/wp\/v2\/users\/1"}],"replies":[{"embeddable":true,"href":"https:\/\/fibamagueza.com\/index.php\/wp-json\/wp\/v2\/comments?post=2"}],"version-history":[{"count":108,"href":"https:\/\/fibamagueza.com\/index.php\/wp-json\/wp\/v2\/pages\/2\/revisions"}],"predecessor-version":[{"id":570,"href":"https:\/\/fibamagueza.com\/index.php\/wp-json\/wp\/v2\/pages\/2\/revisions\/570"}],"wp:attachment":[{"href":"https:\/\/fibamagueza.com\/index.php\/wp-json\/wp\/v2\/media?parent=2"}],"curies":[{"name":"wp","href":"https:\/\/api.w.org\/{rel}","templated":true}]}}