{"id":298,"date":"2024-06-24T23:39:35","date_gmt":"2024-06-24T21:39:35","guid":{"rendered":"https:\/\/fibamagueza.com\/?page_id=298"},"modified":"2024-06-26T20:30:43","modified_gmt":"2024-06-26T18:30:43","slug":"zonas-integradas","status":"publish","type":"page","link":"https:\/\/fibamagueza.com\/index.php\/zonas-integradas\/","title":{"rendered":"Zonas Integradas"},"content":{"rendered":"\t\t<div data-elementor-type=\"wp-page\" data-elementor-id=\"298\" class=\"elementor elementor-298\" data-elementor-post-type=\"page\">\n\t\t\t\t<div class=\"elementor-element elementor-element-feefa6d e-con-full e-flex e-con e-parent\" data-id=\"feefa6d\" data-element_type=\"container\" data-e-type=\"container\" data-settings=\"{&quot;background_background&quot;:&quot;classic&quot;}\">\n\t\t<div class=\"elementor-element elementor-element-de876f4 e-flex e-con-boxed e-con e-child\" data-id=\"de876f4\" data-element_type=\"container\" data-e-type=\"container\">\n\t\t\t\t\t<div class=\"e-con-inner\">\n\t\t\t\t<div class=\"elementor-element elementor-element-37aecb4 elementor-widget__width-initial elementor-absolute elementor-hidden-mobile elementor-widget elementor-widget-image\" data-id=\"37aecb4\" data-element_type=\"widget\" data-e-type=\"widget\" data-settings=\"{&quot;_position&quot;:&quot;absolute&quot;}\" data-widget_type=\"image.default\">\n\t\t\t\t<div class=\"elementor-widget-container\">\n\t\t\t\t\t\t\t\t\t\t\t\t\t\t\t<img fetchpriority=\"high\" decoding=\"async\" width=\"1365\" height=\"2048\" src=\"https:\/\/fibamagueza.com\/wp-content\/uploads\/2024\/06\/CSG4398-1365x2048.jpg\" class=\"attachment-2048x2048 size-2048x2048 wp-image-273\" alt=\"\" srcset=\"https:\/\/fibamagueza.com\/wp-content\/uploads\/2024\/06\/CSG4398-1365x2048.jpg 1365w, https:\/\/fibamagueza.com\/wp-content\/uploads\/2024\/06\/CSG4398-200x300.jpg 200w, https:\/\/fibamagueza.com\/wp-content\/uploads\/2024\/06\/CSG4398-683x1024.jpg 683w, https:\/\/fibamagueza.com\/wp-content\/uploads\/2024\/06\/CSG4398-768x1152.jpg 768w, https:\/\/fibamagueza.com\/wp-content\/uploads\/2024\/06\/CSG4398-1024x1536.jpg 1024w, https:\/\/fibamagueza.com\/wp-content\/uploads\/2024\/06\/CSG4398-scaled.jpg 1707w\" sizes=\"(max-width: 1365px) 100vw, 1365px\" \/>\t\t\t\t\t\t\t\t\t\t\t\t\t\t\t<\/div>\n\t\t\t\t<\/div>\n\t\t\t\t<div class=\"elementor-element elementor-element-52dce02 elementor-widget__width-initial elementor-widget-mobile__width-inherit elementor-widget elementor-widget-text-editor\" data-id=\"52dce02\" data-element_type=\"widget\" data-e-type=\"widget\" data-widget_type=\"text-editor.default\">\n\t\t\t\t<div class=\"elementor-widget-container\">\n\t\t\t\t\t\t\t\t\t<p>En nuestra finca hotel, no solo encontrar\u00e1 habitaciones c\u00f3modas y acogedoras, sino tambi\u00e9n una variedad de zonas comunes dise\u00f1adas para ofrecerle experiencias \u00fanicas y memorables. Nuestros espacios verdes son el escenario perfecto para relajarse, socializar y celebrar momentos especiales.<\/p>\n<p><strong>Zonas Verdes Chill Out<\/strong><\/p>\n<p>Nuestras amplias zonas verdes son ideales para relajarse y desconectar. Siendo equipadas con c\u00f3modos sof\u00e1s, hamacas y \u00e1reas de sombra, estos espacios son perfectos para disfrutar de un espacio intermedio compartiendo una conversaci\u00f3n con amigos.<\/p>\t\t\t\t\t\t\t\t<\/div>\n\t\t\t\t<\/div>\n\t\t\t\t\t<\/div>\n\t\t\t\t<\/div>\n\t\t\t\t<\/div>\n\t\t<div class=\"elementor-element elementor-element-2124fa9 e-con-full e-flex e-con e-parent\" data-id=\"2124fa9\" data-element_type=\"container\" data-e-type=\"container\" data-settings=\"{&quot;background_background&quot;:&quot;classic&quot;,&quot;background_motion_fx_motion_fx_scrolling&quot;:&quot;yes&quot;,&quot;background_motion_fx_translateY_effect&quot;:&quot;yes&quot;,&quot;background_motion_fx_translateX_effect&quot;:&quot;yes&quot;,&quot;background_motion_fx_blur_effect&quot;:&quot;yes&quot;,&quot;background_motion_fx_translateY_speed&quot;:{&quot;unit&quot;:&quot;px&quot;,&quot;size&quot;:4,&quot;sizes&quot;:[]},&quot;background_motion_fx_translateY_affectedRange&quot;:{&quot;unit&quot;:&quot;%&quot;,&quot;size&quot;:&quot;&quot;,&quot;sizes&quot;:{&quot;start&quot;:0,&quot;end&quot;:100}},&quot;background_motion_fx_translateX_speed&quot;:{&quot;unit&quot;:&quot;px&quot;,&quot;size&quot;:4,&quot;sizes&quot;:[]},&quot;background_motion_fx_translateX_affectedRange&quot;:{&quot;unit&quot;:&quot;%&quot;,&quot;size&quot;:&quot;&quot;,&quot;sizes&quot;:{&quot;start&quot;:0,&quot;end&quot;:100}},&quot;background_motion_fx_blur_direction&quot;:&quot;out-in&quot;,&quot;background_motion_fx_blur_level&quot;:{&quot;unit&quot;:&quot;px&quot;,&quot;size&quot;:7,&quot;sizes&quot;:[]},&quot;background_motion_fx_blur_range&quot;:{&quot;unit&quot;:&quot;%&quot;,&quot;size&quot;:&quot;&quot;,&quot;sizes&quot;:{&quot;start&quot;:20,&quot;end&quot;:80}},&quot;background_motion_fx_devices&quot;:[&quot;desktop&quot;,&quot;tablet&quot;,&quot;mobile&quot;]}\">\n\t\t<div class=\"elementor-element elementor-element-2d125c8 e-con-full e-flex e-con e-child\" data-id=\"2d125c8\" data-element_type=\"container\" data-e-type=\"container\">\n\t\t<div class=\"elementor-element elementor-element-d938ea4 e-con-full e-flex e-con e-child\" data-id=\"d938ea4\" data-element_type=\"container\" data-e-type=\"container\" data-settings=\"{&quot;background_background&quot;:&quot;slideshow&quot;,&quot;background_slideshow_gallery&quot;:[{&quot;id&quot;:529,&quot;url&quot;:&quot;https:\\\/\\\/fibamagueza.com\\\/wp-content\\\/uploads\\\/2024\\\/06\\\/WhatsApp-Image-2024-05-06-at-3.38.12-PM-1.jpeg&quot;},{&quot;id&quot;:515,&quot;url&quot;:&quot;https:\\\/\\\/fibamagueza.com\\\/wp-content\\\/uploads\\\/2024\\\/06\\\/RHM9520-scaled.jpg&quot;},{&quot;id&quot;:525,&quot;url&quot;:&quot;https:\\\/\\\/fibamagueza.com\\\/wp-content\\\/uploads\\\/2024\\\/06\\\/WhatsApp-Image-2024-05-06-at-3.41.15-PM.jpeg&quot;},{&quot;id&quot;:516,&quot;url&quot;:&quot;https:\\\/\\\/fibamagueza.com\\\/wp-content\\\/uploads\\\/2024\\\/06\\\/RHM9517-scaled.jpg&quot;},{&quot;id&quot;:517,&quot;url&quot;:&quot;https:\\\/\\\/fibamagueza.com\\\/wp-content\\\/uploads\\\/2024\\\/06\\\/RHM9516-scaled.jpg&quot;},{&quot;id&quot;:518,&quot;url&quot;:&quot;https:\\\/\\\/fibamagueza.com\\\/wp-content\\\/uploads\\\/2024\\\/06\\\/RHM9515-scaled.jpg&quot;},{&quot;id&quot;:528,&quot;url&quot;:&quot;https:\\\/\\\/fibamagueza.com\\\/wp-content\\\/uploads\\\/2024\\\/06\\\/WhatsApp-Image-2024-05-06-at-3.38.12-PM.jpeg&quot;}],&quot;background_slideshow_lazyload&quot;:&quot;yes&quot;,&quot;background_slideshow_ken_burns&quot;:&quot;yes&quot;,&quot;background_slideshow_loop&quot;:&quot;yes&quot;,&quot;background_slideshow_slide_duration&quot;:5000,&quot;background_slideshow_slide_transition&quot;:&quot;fade&quot;,&quot;background_slideshow_transition_duration&quot;:500,&quot;background_slideshow_ken_burns_zoom_direction&quot;:&quot;in&quot;}\">\n\t\t\t\t<div class=\"elementor-element elementor-element-c598ad2 elementor-widget elementor-widget-spacer\" data-id=\"c598ad2\" data-element_type=\"widget\" data-e-type=\"widget\" data-widget_type=\"spacer.default\">\n\t\t\t\t<div class=\"elementor-widget-container\">\n\t\t\t\t\t\t\t<div class=\"elementor-spacer\">\n\t\t\t<div class=\"elementor-spacer-inner\"><\/div>\n\t\t<\/div>\n\t\t\t\t\t\t<\/div>\n\t\t\t\t<\/div>\n\t\t\t\t<\/div>\n\t\t<div class=\"elementor-element elementor-element-8847eb9 e-con-full e-flex e-con e-child\" data-id=\"8847eb9\" data-element_type=\"container\" data-e-type=\"container\">\n\t\t\t\t<div class=\"elementor-element elementor-element-0723749 elementor-widget__width-initial elementor-widget elementor-widget-text-editor\" data-id=\"0723749\" data-element_type=\"widget\" data-e-type=\"widget\" data-widget_type=\"text-editor.default\">\n\t\t\t\t<div class=\"elementor-widget-container\">\n\t\t\t\t\t\t\t\t\t<p>Para aquellos que sue\u00f1an con una boda en un entorno natural, nuestra finca ofrece el escenario ideal. Contamos con hermosos jardines y \u00e1reas al aire libre dise\u00f1adas espec\u00edficamente para ceremonias matrimoniales. Imagine decir &#8220;s\u00ed, acepto&#8221; rodeado de flores, con el sonido de la naturaleza como tel\u00f3n de fondo, y con la comodidad de saber que cada detalle ha sido cuidadosamente preparado para que su d\u00eda sea perfecto.<\/p>\n<p>Nuestros espacios comunes tambi\u00e9n son perfectos para todo tipo de eventos y celebraciones. Ya sea una fiesta de cumplea\u00f1os, una reuni\u00f3n familiar, o un retiro corporativo, nuestras zonas verdes ofrecen un ambiente vers\u00e1til y encantador que puede adaptarse a sus necesidades. Disponemos de \u00e1reas para picnics, barbacoas y actividades al aire libre, asegurando que cada evento sea una ocasi\u00f3n especial. Nuestra finca est\u00e1 dise\u00f1ada para ofrecerle un refugio donde pueda rejuvenecer su mente y esp\u00edritu.\u00a0<\/p>\t\t\t\t\t\t\t\t<\/div>\n\t\t\t\t<\/div>\n\t\t\t\t<\/div>\n\t\t\t\t<\/div>\n\t\t\t\t<\/div>\n\t\t\t\t<\/div>\n\t\t","protected":false},"excerpt":{"rendered":"<p>Zonas Integradas En nuestra finca hotel, no solo encontrar\u00e1 habitaciones c\u00f3modas y acogedoras, sino tambi\u00e9n una variedad de zonas comunes dise\u00f1adas para ofrecerle experiencias \u00fanicas y memorables. Nuestros espacios verdes son el escenario perfecto para relajarse, socializar y celebrar momentos especiales. Zonas Verdes Chill Out Nuestras amplias zonas verdes son ideales para relajarse y desconectar. [&hellip;]<\/p>\n","protected":false},"author":1,"featured_media":0,"parent":0,"menu_order":0,"comment_status":"closed","ping_status":"closed","template":"elementor_canvas","meta":{"footnotes":""},"class_list":["post-298","page","type-page","status-publish","hentry"],"_links":{"self":[{"href":"https:\/\/fibamagueza.com\/index.php\/wp-json\/wp\/v2\/pages\/298","targetHints":{"allow":["GET"]}}],"collection":[{"href":"https:\/\/fibamagueza.com\/index.php\/wp-json\/wp\/v2\/pages"}],"about":[{"href":"https:\/\/fibamagueza.com\/index.php\/wp-json\/wp\/v2\/types\/page"}],"author":[{"embeddable":true,"href":"https:\/\/fibamagueza.com\/index.php\/wp-json\/wp\/v2\/users\/1"}],"replies":[{"embeddable":true,"href":"https:\/\/fibamagueza.com\/index.php\/wp-json\/wp\/v2\/comments?post=298"}],"version-history":[{"count":28,"href":"https:\/\/fibamagueza.com\/index.php\/wp-json\/wp\/v2\/pages\/298\/revisions"}],"predecessor-version":[{"id":632,"href":"https:\/\/fibamagueza.com\/index.php\/wp-json\/wp\/v2\/pages\/298\/revisions\/632"}],"wp:attachment":[{"href":"https:\/\/fibamagueza.com\/index.php\/wp-json\/wp\/v2\/media?parent=298"}],"curies":[{"name":"wp","href":"https:\/\/api.w.org\/{rel}","templated":true}]}}